{"id":76,"date":"2014-04-07T16:39:56","date_gmt":"2014-04-07T19:39:56","guid":{"rendered":"https:\/\/compabar.com.br\/?page_id=76"},"modified":"2024-10-30T11:34:50","modified_gmt":"2024-10-30T14:34:50","slug":"cardapio","status":"publish","type":"page","link":"https:\/\/compabar.com.br\/yl\/cardapio\/","title":{"rendered":"Card\u00e1pio"},"content":{"rendered":"<p>[et_pb_section fb_built=&#8221;1&#8243; fullwidth=&#8221;on&#8221; _builder_version=&#8221;4.16&#8243; background_color=&#8221;#39512f&#8221; background_image=&#8221;https:\/\/compabar.com.br\/wp-content\/uploads\/2014\/04\/fundo_topo.jpg&#8221; global_colors_info=&#8221;{}&#8221;][et_pb_fullwidth_header title=&#8221;Card\u00e1pio&#8221; subhead=&#8221;Saboreie diversas op\u00e7\u00f5es de bebidas e comidas!&#8221; content_max_width=&#8221;none&#8221; admin_label=&#8221;Fullwidth Header&#8221; _builder_version=&#8221;4.16&#8243; background_color=&#8221;rgba(255, 255, 255, 0)&#8221; global_colors_info=&#8221;{}&#8221; button_one_text_size__hover_enabled=&#8221;off&#8221; button_two_text_size__hover_enabled=&#8221;off&#8221; button_one_text_color__hover_enabled=&#8221;off&#8221; button_two_text_color__hover_enabled=&#8221;off&#8221; button_one_border_width__hover_enabled=&#8221;off&#8221; button_two_border_width__hover_enabled=&#8221;off&#8221; button_one_border_color__hover_enabled=&#8221;off&#8221; button_two_border_color__hover_enabled=&#8221;off&#8221; button_one_border_radius__hover_enabled=&#8221;off&#8221; button_two_border_radius__hover_enabled=&#8221;off&#8221; button_one_letter_spacing__hover_enabled=&#8221;off&#8221; button_two_letter_spacing__hover_enabled=&#8221;off&#8221; button_one_bg_color__hover_enabled=&#8221;off&#8221; button_two_bg_color__hover_enabled=&#8221;off&#8221;][\/et_pb_fullwidth_header][\/et_pb_section][et_pb_section fb_built=&#8221;1&#8243; _builder_version=&#8221;4.16&#8243; global_colors_info=&#8221;{}&#8221;][et_pb_row column_structure=&#8221;1_4,1_4,1_4,1_4&#8243; _builder_version=&#8221;4.18.0&#8243; _module_preset=&#8221;default&#8221; global_colors_info=&#8221;{}&#8221;][et_pb_column type=&#8221;1_4&#8243; _builder_version=&#8221;4.18.0&#8243; _module_preset=&#8221;default&#8221; global_colors_info=&#8221;{}&#8221;][et_pb_image src=&#8221;https:\/\/compabar.com.br\/wp-content\/uploads\/2023\/05\/cardapio_01.jpg&#8221; title_text=&#8221;cardapio_01&#8243; show_in_lightbox=&#8221;on&#8221; align=&#8221;center&#8221; _builder_version=&#8221;4.18.0&#8243; _module_preset=&#8221;default&#8221; max_height=&#8221;500px&#8221; global_colors_info=&#8221;{}&#8221;][\/et_pb_image][\/et_pb_column][et_pb_column type=&#8221;1_4&#8243; _builder_version=&#8221;4.18.0&#8243; _module_preset=&#8221;default&#8221; global_colors_info=&#8221;{}&#8221;][et_pb_image src=&#8221;https:\/\/compabar.com.br\/wp-content\/uploads\/2024\/10\/02-compa.png&#8221; title_text=&#8221;02 compa&#8221; show_in_lightbox=&#8221;on&#8221; align=&#8221;center&#8221; _builder_version=&#8221;4.18.0&#8243; _module_preset=&#8221;default&#8221; max_height=&#8221;500px&#8221; hover_enabled=&#8221;0&#8243; global_colors_info=&#8221;{}&#8221; sticky_enabled=&#8221;0&#8243;][\/et_pb_image][\/et_pb_column][et_pb_column type=&#8221;1_4&#8243; _builder_version=&#8221;4.18.0&#8243; _module_preset=&#8221;default&#8221; global_colors_info=&#8221;{}&#8221;][et_pb_image src=&#8221;https:\/\/compabar.com.br\/wp-content\/uploads\/2024\/10\/03-compa.png&#8221; title_text=&#8221;03 compa&#8221; show_in_lightbox=&#8221;on&#8221; align=&#8221;center&#8221; _builder_version=&#8221;4.18.0&#8243; _module_preset=&#8221;default&#8221; max_height=&#8221;500px&#8221; hover_enabled=&#8221;0&#8243; global_colors_info=&#8221;{}&#8221; sticky_enabled=&#8221;0&#8243;][\/et_pb_image][\/et_pb_column][et_pb_column type=&#8221;1_4&#8243; _builder_version=&#8221;4.18.0&#8243; _module_preset=&#8221;default&#8221; global_colors_info=&#8221;{}&#8221;][et_pb_image src=&#8221;https:\/\/compabar.com.br\/wp-content\/uploads\/2024\/10\/04-compa.png&#8221; title_text=&#8221;04 compa&#8221; show_in_lightbox=&#8221;on&#8221; align=&#8221;center&#8221; _builder_version=&#8221;4.18.0&#8243; _module_preset=&#8221;default&#8221; max_height=&#8221;500px&#8221; hover_enabled=&#8221;0&#8243; global_colors_info=&#8221;{}&#8221; sticky_enabled=&#8221;0&#8243;][\/et_pb_image][\/et_pb_column][\/et_pb_row][et_pb_row column_structure=&#8221;1_4,1_4,1_4,1_4&#8243; _builder_version=&#8221;4.18.0&#8243; _module_preset=&#8221;default&#8221; global_colors_info=&#8221;{}&#8221;][et_pb_column type=&#8221;1_4&#8243; _builder_version=&#8221;4.18.0&#8243; _module_preset=&#8221;default&#8221; global_colors_info=&#8221;{}&#8221;][et_pb_image src=&#8221;https:\/\/compabar.com.br\/wp-content\/uploads\/2024\/10\/05-compa.png&#8221; title_text=&#8221;05 compa&#8221; show_in_lightbox=&#8221;on&#8221; align=&#8221;center&#8221; _builder_version=&#8221;4.18.0&#8243; _module_preset=&#8221;default&#8221; max_height=&#8221;500px&#8221; hover_enabled=&#8221;0&#8243; global_colors_info=&#8221;{}&#8221; sticky_enabled=&#8221;0&#8243;][\/et_pb_image][\/et_pb_column][et_pb_column type=&#8221;1_4&#8243; _builder_version=&#8221;4.18.0&#8243; _module_preset=&#8221;default&#8221; global_colors_info=&#8221;{}&#8221;][et_pb_image src=&#8221;https:\/\/compabar.com.br\/wp-content\/uploads\/2024\/10\/06-compa.png&#8221; title_text=&#8221;06 compa&#8221; show_in_lightbox=&#8221;on&#8221; align=&#8221;center&#8221; _builder_version=&#8221;4.18.0&#8243; _module_preset=&#8221;default&#8221; max_height=&#8221;500px&#8221; hover_enabled=&#8221;0&#8243; global_colors_info=&#8221;{}&#8221; sticky_enabled=&#8221;0&#8243;][\/et_pb_image][\/et_pb_column][et_pb_column type=&#8221;1_4&#8243; _builder_version=&#8221;4.18.0&#8243; _module_preset=&#8221;default&#8221; global_colors_info=&#8221;{}&#8221;][et_pb_image src=&#8221;https:\/\/compabar.com.br\/wp-content\/uploads\/2024\/10\/07-compa.png&#8221; title_text=&#8221;07 compa&#8221; show_in_lightbox=&#8221;on&#8221; align=&#8221;center&#8221; _builder_version=&#8221;4.18.0&#8243; _module_preset=&#8221;default&#8221; max_height=&#8221;500px&#8221; hover_enabled=&#8221;0&#8243; global_colors_info=&#8221;{}&#8221; sticky_enabled=&#8221;0&#8243;][\/et_pb_image][\/et_pb_column][et_pb_column type=&#8221;1_4&#8243; _builder_version=&#8221;4.18.0&#8243; _module_preset=&#8221;default&#8221; global_colors_info=&#8221;{}&#8221;][et_pb_image src=&#8221;https:\/\/compabar.com.br\/wp-content\/uploads\/2024\/10\/08-compa.png&#8221; title_text=&#8221;08 compa&#8221; show_in_lightbox=&#8221;on&#8221; align=&#8221;center&#8221; _builder_version=&#8221;4.18.0&#8243; _module_preset=&#8221;default&#8221; max_height=&#8221;500px&#8221; hover_enabled=&#8221;0&#8243; global_colors_info=&#8221;{}&#8221; sticky_enabled=&#8221;0&#8243;][\/et_pb_image][\/et_pb_column][\/et_pb_row][et_pb_row column_structure=&#8221;1_4,1_4,1_4,1_4&#8243; _builder_version=&#8221;4.18.0&#8243; _module_preset=&#8221;default&#8221; global_colors_info=&#8221;{}&#8221;][et_pb_column type=&#8221;1_4&#8243; _builder_version=&#8221;4.18.0&#8243; _module_preset=&#8221;default&#8221; global_colors_info=&#8221;{}&#8221;][et_pb_image src=&#8221;https:\/\/compabar.com.br\/wp-content\/uploads\/2024\/10\/09-compa.png&#8221; title_text=&#8221;09 compa&#8221; show_in_lightbox=&#8221;on&#8221; align=&#8221;center&#8221; _builder_version=&#8221;4.18.0&#8243; _module_preset=&#8221;default&#8221; max_height=&#8221;500px&#8221; hover_enabled=&#8221;0&#8243; global_colors_info=&#8221;{}&#8221; sticky_enabled=&#8221;0&#8243;][\/et_pb_image][\/et_pb_column][et_pb_column type=&#8221;1_4&#8243; _builder_version=&#8221;4.18.0&#8243; _module_preset=&#8221;default&#8221; global_colors_info=&#8221;{}&#8221;][et_pb_image src=&#8221;https:\/\/compabar.com.br\/wp-content\/uploads\/2024\/10\/10-compa.png&#8221; title_text=&#8221;10 compa&#8221; show_in_lightbox=&#8221;on&#8221; align=&#8221;center&#8221; _builder_version=&#8221;4.18.0&#8243; _module_preset=&#8221;default&#8221; max_height=&#8221;500px&#8221; hover_enabled=&#8221;0&#8243; global_colors_info=&#8221;{}&#8221; sticky_enabled=&#8221;0&#8243;][\/et_pb_image][\/et_pb_column][et_pb_column type=&#8221;1_4&#8243; _builder_version=&#8221;4.18.0&#8243; _module_preset=&#8221;default&#8221; global_colors_info=&#8221;{}&#8221;][et_pb_image src=&#8221;https:\/\/compabar.com.br\/wp-content\/uploads\/2024\/10\/11-compa.png&#8221; title_text=&#8221;11 compa&#8221; show_in_lightbox=&#8221;on&#8221; align=&#8221;center&#8221; _builder_version=&#8221;4.18.0&#8243; _module_preset=&#8221;default&#8221; max_height=&#8221;500px&#8221; hover_enabled=&#8221;0&#8243; global_colors_info=&#8221;{}&#8221; sticky_enabled=&#8221;0&#8243;][\/et_pb_image][\/et_pb_column][et_pb_column type=&#8221;1_4&#8243; _builder_version=&#8221;4.18.0&#8243; _module_preset=&#8221;default&#8221; global_colors_info=&#8221;{}&#8221;][et_pb_image src=&#8221;https:\/\/compabar.com.br\/wp-content\/uploads\/2024\/10\/12-compa.png&#8221; title_text=&#8221;12 compa&#8221; show_in_lightbox=&#8221;on&#8221; align=&#8221;center&#8221; _builder_version=&#8221;4.18.0&#8243; _module_preset=&#8221;default&#8221; max_height=&#8221;500px&#8221; hover_enabled=&#8221;0&#8243; global_colors_info=&#8221;{}&#8221; sticky_enabled=&#8221;0&#8243;][\/et_pb_image][\/et_pb_column][\/et_pb_row][et_pb_row column_structure=&#8221;1_4,1_4,1_4,1_4&#8243; _builder_version=&#8221;4.18.0&#8243; _module_preset=&#8221;default&#8221; global_colors_info=&#8221;{}&#8221;][et_pb_column type=&#8221;1_4&#8243; _builder_version=&#8221;4.18.0&#8243; _module_preset=&#8221;default&#8221; global_colors_info=&#8221;{}&#8221;][\/et_pb_column][et_pb_column type=&#8221;1_4&#8243; _builder_version=&#8221;4.18.0&#8243; _module_preset=&#8221;default&#8221; global_colors_info=&#8221;{}&#8221;][et_pb_image src=&#8221;https:\/\/compabar.com.br\/wp-content\/uploads\/2023\/05\/cardapio_13.jpg&#8221; title_text=&#8221;cardapio_13&#8243; show_in_lightbox=&#8221;on&#8221; align=&#8221;center&#8221; _builder_version=&#8221;4.18.0&#8243; _module_preset=&#8221;default&#8221; max_height=&#8221;500px&#8221; global_colors_info=&#8221;{}&#8221;][\/et_pb_image][\/et_pb_column][et_pb_column type=&#8221;1_4&#8243; _builder_version=&#8221;4.18.0&#8243; _module_preset=&#8221;default&#8221; global_colors_info=&#8221;{}&#8221;][et_pb_image src=&#8221;https:\/\/compabar.com.br\/wp-content\/uploads\/2023\/05\/cardapio_14.jpg&#8221; title_text=&#8221;cardapio_14&#8243; show_in_lightbox=&#8221;on&#8221; align=&#8221;center&#8221; _builder_version=&#8221;4.18.0&#8243; _module_preset=&#8221;default&#8221; max_height=&#8221;500px&#8221; global_colors_info=&#8221;{}&#8221;][\/et_pb_image][\/et_pb_column][et_pb_column type=&#8221;1_4&#8243; _builder_version=&#8221;4.18.0&#8243; _module_preset=&#8221;default&#8221; global_colors_info=&#8221;{}&#8221;][\/et_pb_column][\/et_pb_row][\/et_pb_section]<\/p>\n","protected":false},"excerpt":{"rendered":"","protected":false},"author":1,"featured_media":0,"parent":0,"menu_order":0,"comment_status":"open","ping_status":"open","template":"","meta":{"_et_pb_use_builder":"on","_et_pb_old_content":"","_et_gb_content_width":""},"yoast_head":"<!-- This site is optimized with the Yoast SEO plugin v19.8 - https:\/\/yoast.com\/wordpress\/plugins\/seo\/ -->\n<title>Card\u00e1pio - Compa<\/title>\n<meta name=\"description\" content=\"Card\u00e1pio do Compadrio - Saboreie diversas op\u00e7\u00f5es de bebidas e comidas! Oferecemos por\u00e7\u00f5es, lingui\u00e7as, lanches, aperitivos, cervejas especiais, drinks etc.\" \/>\n<meta name=\"robots\" content=\"index, follow, max-snippet:-1, max-image-preview:large, max-video-preview:-1\" \/>\n<link rel=\"canonical\" href=\"https:\/\/compabar.com.br\/yl\/cardapio\/\" \/>\n<meta property=\"og:locale\" content=\"pt_BR\" \/>\n<meta property=\"og:type\" content=\"article\" \/>\n<meta property=\"og:title\" content=\"Card\u00e1pio - Compa\" \/>\n<meta property=\"og:description\" content=\"Card\u00e1pio do Compadrio - Saboreie diversas op\u00e7\u00f5es de bebidas e comidas! Oferecemos por\u00e7\u00f5es, lingui\u00e7as, lanches, aperitivos, cervejas especiais, drinks etc.\" \/>\n<meta property=\"og:url\" content=\"https:\/\/compabar.com.br\/yl\/cardapio\/\" \/>\n<meta property=\"og:site_name\" content=\"Compa\" \/>\n<meta property=\"article:modified_time\" content=\"2024-10-30T14:34:50+00:00\" \/>\n<meta name=\"twitter:label1\" content=\"Est. tempo de leitura\" \/>\n\t<meta name=\"twitter:data1\" content=\"5 minutos\" \/>\n<script type=\"application\/ld+json\" class=\"yoast-schema-graph\">{\"@context\":\"https:\/\/schema.org\",\"@graph\":[{\"@type\":\"WebPage\",\"@id\":\"https:\/\/compabar.com.br\/yl\/cardapio\/\",\"url\":\"https:\/\/compabar.com.br\/yl\/cardapio\/\",\"name\":\"Card\u00e1pio - Compa\",\"isPartOf\":{\"@id\":\"https:\/\/compabar.com.br\/yl\/#website\"},\"datePublished\":\"2014-04-07T19:39:56+00:00\",\"dateModified\":\"2024-10-30T14:34:50+00:00\",\"description\":\"Card\u00e1pio do Compadrio - Saboreie diversas op\u00e7\u00f5es de bebidas e comidas! Oferecemos por\u00e7\u00f5es, lingui\u00e7as, lanches, aperitivos, cervejas especiais, drinks etc.\",\"breadcrumb\":{\"@id\":\"https:\/\/compabar.com.br\/yl\/cardapio\/#breadcrumb\"},\"inLanguage\":\"pt-BR\",\"potentialAction\":[{\"@type\":\"ReadAction\",\"target\":[\"https:\/\/compabar.com.br\/yl\/cardapio\/\"]}]},{\"@type\":\"BreadcrumbList\",\"@id\":\"https:\/\/compabar.com.br\/yl\/cardapio\/#breadcrumb\",\"itemListElement\":[{\"@type\":\"ListItem\",\"position\":1,\"name\":\"In\u00edcio\",\"item\":\"https:\/\/compabar.com.br\/yl\/\"},{\"@type\":\"ListItem\",\"position\":2,\"name\":\"Card\u00e1pio\"}]},{\"@type\":\"WebSite\",\"@id\":\"https:\/\/compabar.com.br\/yl\/#website\",\"url\":\"https:\/\/compabar.com.br\/yl\/\",\"name\":\"Compa\",\"description\":\"Bar &amp; Restaurante\",\"potentialAction\":[{\"@type\":\"SearchAction\",\"target\":{\"@type\":\"EntryPoint\",\"urlTemplate\":\"https:\/\/compabar.com.br\/yl\/?s={search_term_string}\"},\"query-input\":\"required name=search_term_string\"}],\"inLanguage\":\"pt-BR\"}]}<\/script>\n<!-- \/ Yoast SEO plugin. -->","yoast_head_json":{"title":"Card\u00e1pio - Compa","description":"Card\u00e1pio do Compadrio - Saboreie diversas op\u00e7\u00f5es de bebidas e comidas! Oferecemos por\u00e7\u00f5es, lingui\u00e7as, lanches, aperitivos, cervejas especiais, drinks etc.","robots":{"index":"index","follow":"follow","max-snippet":"max-snippet:-1","max-image-preview":"max-image-preview:large","max-video-preview":"max-video-preview:-1"},"canonical":"https:\/\/compabar.com.br\/yl\/cardapio\/","og_locale":"pt_BR","og_type":"article","og_title":"Card\u00e1pio - Compa","og_description":"Card\u00e1pio do Compadrio - Saboreie diversas op\u00e7\u00f5es de bebidas e comidas! Oferecemos por\u00e7\u00f5es, lingui\u00e7as, lanches, aperitivos, cervejas especiais, drinks etc.","og_url":"https:\/\/compabar.com.br\/yl\/cardapio\/","og_site_name":"Compa","article_modified_time":"2024-10-30T14:34:50+00:00","twitter_misc":{"Est. tempo de leitura":"5 minutos"},"schema":{"@context":"https:\/\/schema.org","@graph":[{"@type":"WebPage","@id":"https:\/\/compabar.com.br\/yl\/cardapio\/","url":"https:\/\/compabar.com.br\/yl\/cardapio\/","name":"Card\u00e1pio - Compa","isPartOf":{"@id":"https:\/\/compabar.com.br\/yl\/#website"},"datePublished":"2014-04-07T19:39:56+00:00","dateModified":"2024-10-30T14:34:50+00:00","description":"Card\u00e1pio do Compadrio - Saboreie diversas op\u00e7\u00f5es de bebidas e comidas! Oferecemos por\u00e7\u00f5es, lingui\u00e7as, lanches, aperitivos, cervejas especiais, drinks etc.","breadcrumb":{"@id":"https:\/\/compabar.com.br\/yl\/cardapio\/#breadcrumb"},"inLanguage":"pt-BR","potentialAction":[{"@type":"ReadAction","target":["https:\/\/compabar.com.br\/yl\/cardapio\/"]}]},{"@type":"BreadcrumbList","@id":"https:\/\/compabar.com.br\/yl\/cardapio\/#breadcrumb","itemListElement":[{"@type":"ListItem","position":1,"name":"In\u00edcio","item":"https:\/\/compabar.com.br\/yl\/"},{"@type":"ListItem","position":2,"name":"Card\u00e1pio"}]},{"@type":"WebSite","@id":"https:\/\/compabar.com.br\/yl\/#website","url":"https:\/\/compabar.com.br\/yl\/","name":"Compa","description":"Bar &amp; Restaurante","potentialAction":[{"@type":"SearchAction","target":{"@type":"EntryPoint","urlTemplate":"https:\/\/compabar.com.br\/yl\/?s={search_term_string}"},"query-input":"required name=search_term_string"}],"inLanguage":"pt-BR"}]}},"_links":{"self":[{"href":"https:\/\/compabar.com.br\/yl\/wp-json\/wp\/v2\/pages\/76"}],"collection":[{"href":"https:\/\/compabar.com.br\/yl\/wp-json\/wp\/v2\/pages"}],"about":[{"href":"https:\/\/compabar.com.br\/yl\/wp-json\/wp\/v2\/types\/page"}],"author":[{"embeddable":true,"href":"https:\/\/compabar.com.br\/yl\/wp-json\/wp\/v2\/users\/1"}],"replies":[{"embeddable":true,"href":"https:\/\/compabar.com.br\/yl\/wp-json\/wp\/v2\/comments?post=76"}],"version-history":[{"count":89,"href":"https:\/\/compabar.com.br\/yl\/wp-json\/wp\/v2\/pages\/76\/revisions"}],"predecessor-version":[{"id":1798,"href":"https:\/\/compabar.com.br\/yl\/wp-json\/wp\/v2\/pages\/76\/revisions\/1798"}],"wp:attachment":[{"href":"https:\/\/compabar.com.br\/yl\/wp-json\/wp\/v2\/media?parent=76"}],"curies":[{"name":"wp","href":"https:\/\/api.w.org\/{rel}","templated":true}]}}